{"id":924,"date":"2021-04-14T12:10:35","date_gmt":"2021-04-14T15:10:35","guid":{"rendered":"http:\/\/10.101.10.196\/sac\/?page_id=924"},"modified":"2026-04-06T08:19:41","modified_gmt":"2026-04-06T11:19:41","slug":"requisitos-solicitud-diploma","status":"publish","type":"page","link":"https:\/\/sac.fica.unsl.edu.ar\/index.php\/requisitos-solicitud-diploma\/","title":{"rendered":"Requisitos Solicitud Diploma"},"content":{"rendered":"\t\t<div data-elementor-type=\"wp-page\" data-elementor-id=\"924\" class=\"elementor elementor-924\">\n\t\t\t\t\t\t<section class=\"elementor-section elementor-top-section elementor-element elementor-element-ef4e20c elementor-section-full_width elementor-section-stretched elementor-section-height-default elementor-section-height-default\" data-id=\"ef4e20c\" data-element_type=\"section\" data-e-type=\"section\" data-settings=\"{&quot;stretch_section&quot;:&quot;section-stretched&quot;,&quot;background_background&quot;:&quot;classic&quot;}\">\n\t\t\t\t\t\t\t<div class=\"elementor-background-overlay\"><\/div>\n\t\t\t\t\t\t\t<div class=\"elementor-container elementor-column-gap-default\">\n\t\t\t\t\t<div class=\"elementor-column elementor-col-33 elementor-top-column elementor-element elementor-element-cb64dad elementor-hidden-tablet elementor-hidden-phone\" data-id=\"cb64dad\" data-element_type=\"column\" data-e-type=\"column\">\n\t\t\t<div class=\"elementor-widget-wrap\">\n\t\t\t\t\t\t\t<\/div>\n\t\t<\/div>\n\t\t\t\t<div class=\"elementor-column elementor-col-33 elementor-top-column elementor-element elementor-element-44347d5\" data-id=\"44347d5\" data-element_type=\"column\" data-e-type=\"column\" data-settings=\"{&quot;background_background&quot;:&quot;classic&quot;}\">\n\t\t\t<div class=\"elementor-widget-wrap elementor-element-populated\">\n\t\t\t\t\t\t<div class=\"elementor-element elementor-element-4c4601f elementor-widget elementor-widget-button\" data-id=\"4c4601f\" data-element_type=\"widget\" data-e-type=\"widget\" data-widget_type=\"button.default\">\n\t\t\t\t<div class=\"elementor-widget-container\">\n\t\t\t\t\t\t\t\t\t<div class=\"elementor-button-wrapper\">\n\t\t\t\t\t<a class=\"elementor-button elementor-size-sm\" role=\"button\">\n\t\t\t\t\t\t<span class=\"elementor-button-content-wrapper\">\n\t\t\t\t\t\t\t\t\t<span class=\"elementor-button-text\">Requisitos para la solicitud del diploma<\/span>\n\t\t\t\t\t<\/span>\n\t\t\t\t\t<\/a>\n\t\t\t\t<\/div>\n\t\t\t\t\t\t\t\t<\/div>\n\t\t\t\t<\/div>\n\t\t\t\t<div class=\"elementor-element elementor-element-bd0da52 elementor-widget elementor-widget-text-editor\" data-id=\"bd0da52\" data-element_type=\"widget\" data-e-type=\"widget\" data-widget_type=\"text-editor.default\">\n\t\t\t\t<div class=\"elementor-widget-container\">\n\t\t\t\t\t\t\t\t\t<div data-id=\"7ad3cc9f\" data-element_type=\"widget\" data-widget_type=\"text-editor.default\"><p><u>ESTIMADO<\/u><strong><u> EGRESADO\/A<\/u><\/strong> \u00a0\u00a0\u00a0<\/p><p><strong>Antes de comenzar con el tr\u00e1mite, por favor, lea atentamente el siguiente instructivo<\/strong><\/p><p><u>TR\u00c1MITE DE SOLICTUD DE DIPLOMA y CERTIFICADO ANAL\u00cdTICO DE ESTUDIOS COMPLETOS<\/u>:<\/p><p><strong>El tr\u00e1mite de solicitud de Diploma y tr\u00e1mite de solicitud de Certificado Anal\u00edtico de estudios completos se realiza en forma ONLINE en la cuenta de mail de Mesa de Entradas:<\/strong><\/p><p style=\"text-align: center;\"><span style=\"font-size: 18pt;\"><strong>mesadeentrada.fica.unsl@gmail.com<\/strong><\/span><\/p><p><strong>LA DOCUMENTACION SOLICITADA deber\u00e1 ser presentada <u>EN UN SOLO ARCHIVO<\/u> CON EXTENSION PDF, (es decir, la documentaci\u00f3n debe estar escaneada, legible y en el ORDEN que figura en los requisitos) en el asunto del mail colocar: DIPLOMA \u2013 CARRERA \u2013 APELLIDO<\/strong><\/p><p><strong>\u00a0<\/strong>Si el archivo est\u00e1 enviado correctamente, recibir\u00e1 como devoluci\u00f3n a su cuenta de mail, el n\u00famero de expediente por el que se inicia el tr\u00e1mite. \u00a0\u00a0\u00a0<\/p><p align=\"left\"><b>REQUISITOS:<br \/>RESPETAR EL ORDEN QUE SE ESTABLECE PARA LA PRESENTACI\u00d3N:<\/b><\/p><\/div><div data-id=\"7e97a66\" data-element_type=\"widget\" data-widget_type=\"text-editor.default\"><ol><li><b>Solicitud de Diploma<\/b> (marcar si solicita diploma y\/o Certificado Anal\u00edtico de Estudios completos), Ingresar al link\u00a0<a href=\"https:\/\/secretariaacademica.unsl.edu.ar\/formulario\/index.htm\" target=\"_blank\" rel=\"noopener\">https:\/\/secretariaacademica.unsl.edu.ar\/formulario\/index.htm<\/a><\/li><li>Fotocopia color de excelente calidad del anverso y reverso del documento tarjera actualizado<\/li><li><b>Libre deuda de Biblioteca <\/b><br \/>[ Los estudiantes de Ingenier\u00eda tendr\u00e1n como requisito para solicitarlo, en caso de que su plan lo requiera, subir el archivo de Trabajo Final al <a href=\"https:\/\/dspace.fica.unsl.edu.ar\/\" target=\"_blank\" rel=\"noopener\">Repositorio Digital de la FICA <\/a>]<br \/>[ Los graduados de Ingenier\u00eda tendr\u00e1n como requisito para Solicitarlo entregar el Comprobante de Realizaci\u00f3n de Encuesta al Reci\u00e9n Graduado \u2013 Para realizar dicha encuesta debe registrarse en el sistema del <b>Centro Virtual de Graduados ( CVG ) &#8211; <\/b><a href=\"https:\/\/cvg.fica.unsl.edu.ar\/registro.php\" target=\"_blank\" rel=\"noopener\"><span style=\"color: #ff6600;\">https:\/\/cvg.fica.unsl.edu.ar\/registro.php<\/span><\/a>. Los graduados de tecnicaturas est\u00e1n invitados a registrarse en el CVG pero no requieren realizar la encuesta ]<\/li><li><b>Libre deuda de Residencia Universitaria<\/b> \u2013\u00a0Subsecretaria de Bienestar Estudiantil<\/li><li><b>Conformidad de Tr\u00e1mite <\/b>[ <a href=\"https:\/\/sac.fica.unsl.edu.ar\/wp-content\/uploads\/2024\/10\/Conformidad-tramite-titulo.pdf\" target=\"_blank\" rel=\"noopener\">Descargar archivo <\/a>]<\/li><li>Pago del Arancel en cuenta corriente de la Universidad Nacional de San Luis <strong>$ 14.000,00 <\/strong>(Circular N\u00ba2\/26)<br \/><strong>RECUERDE ABONAR EL IMPORTE EXACTO, DE LO CONTRARIO NO PODR\u00c1 INICAR EL TRAMITE DE DIPLOMA. EL DIPLOMA ES \u00daNICO, NO SE ENTREGAN DUPLICADOS.<\/strong><\/li><\/ol><\/div><div data-id=\"c450ad5\" data-element_type=\"widget\" data-widget_type=\"text-editor.default\"><div><div><p><strong><u>DATOS BANCARIO:<\/u><\/strong><\/p><ul><li type=\"square\"><b>Beneficiario<\/b>: UNIVERSIDAD NACIONAL DE SAN LUIS<\/li><li type=\"square\"><b>Banco<\/b>: BANCO DE LA NACI\u00d3N ARGENTINA<\/li><li type=\"square\"><b style=\"font-family: var( --e-global-typography-text-font-family ), Sans-serif;\">Tipo de cuenta<\/b><span style=\"font-family: var( --e-global-typography-text-font-family ), Sans-serif; font-weight: var( --e-global-typography-text-font-weight );\">: CUENTA CORRIENTE EN PESOS<\/span><\/li><li type=\"square\"><span style=\"white-space: normal;\"><b>N\u00famero de Cuenta<\/b>: 32404782003367<\/span><\/li><li type=\"square\"><span style=\"white-space: normal;\"><b>CBU<\/b>: 0110478720047820033678<\/span><\/li><li type=\"square\"><span style=\"white-space: normal;\"><b>ALIAS<\/b>: OESTE.PATIN.PALOMA\u00a0<\/span><\/li><\/ul><\/div><\/div><\/div>\t\t\t\t\t\t\t\t<\/div>\n\t\t\t\t<\/div>\n\t\t\t\t\t<\/div>\n\t\t<\/div>\n\t\t\t\t<div class=\"elementor-column elementor-col-33 elementor-top-column elementor-element elementor-element-74ab5e2\" data-id=\"74ab5e2\" data-element_type=\"column\" data-e-type=\"column\">\n\t\t\t<div class=\"elementor-widget-wrap\">\n\t\t\t\t\t\t\t<\/div>\n\t\t<\/div>\n\t\t\t\t\t<\/div>\n\t\t<\/section>\n\t\t\t\t<section class=\"elementor-section elementor-top-section elementor-element elementor-element-7bdc8a8 elementor-section-full_width elementor-section-stretched elementor-section-height-default elementor-section-height-default\" data-id=\"7bdc8a8\" data-element_type=\"section\" data-e-type=\"section\" data-settings=\"{&quot;stretch_section&quot;:&quot;section-stretched&quot;,&quot;background_background&quot;:&quot;classic&quot;}\">\n\t\t\t\t\t\t\t<div class=\"elementor-background-overlay\"><\/div>\n\t\t\t\t\t\t\t<div class=\"elementor-container elementor-column-gap-default\">\n\t\t\t\t\t<div class=\"elementor-column elementor-col-100 elementor-top-column elementor-element elementor-element-4a03895\" data-id=\"4a03895\" data-element_type=\"column\" data-e-type=\"column\">\n\t\t\t<div class=\"elementor-widget-wrap elementor-element-populated\">\n\t\t\t\t\t\t<div class=\"elementor-element elementor-element-4276844 elementor-widget elementor-widget-spacer\" data-id=\"4276844\" data-element_type=\"widget\" data-e-type=\"widget\" data-widget_type=\"spacer.default\">\n\t\t\t\t<div class=\"elementor-widget-container\">\n\t\t\t\t\t\t\t<div class=\"elementor-spacer\">\n\t\t\t<div class=\"elementor-spacer-inner\"><\/div>\n\t\t<\/div>\n\t\t\t\t\t\t<\/div>\n\t\t\t\t<\/div>\n\t\t\t\t\t<\/div>\n\t\t<\/div>\n\t\t\t\t\t<\/div>\n\t\t<\/section>\n\t\t\t\t<\/div>\n\t\t","protected":false},"excerpt":{"rendered":"<p>Requisitos para la solicitud del diploma ESTIMADO EGRESADO\/A \u00a0\u00a0\u00a0 Antes de comenzar con el tr\u00e1mite, por favor, lea atentamente el siguiente instructivo TR\u00c1MITE DE SOLICTUD&hellip;<\/p>\n","protected":false},"author":4,"featured_media":0,"parent":0,"menu_order":0,"comment_status":"closed","ping_status":"closed","template":"elementor_header_footer","meta":{"_monsterinsights_skip_tracking":false,"_monsterinsights_sitenote_active":false,"_monsterinsights_sitenote_note":"","_monsterinsights_sitenote_category":0,"footnotes":""},"class_list":["post-924","page","type-page","status-publish","hentry"],"yoast_head":"<!-- This site is optimized with the Yoast SEO plugin v27.4 - https:\/\/yoast.com\/product\/yoast-seo-wordpress\/ -->\n<title>Requisitos Solicitud Diploma - Secretar\u00eda Acad\u00e9mica<\/title>\n<meta name=\"robots\" content=\"noindex, follow, max-snippet:-1, max-image-preview:large, max-video-preview:-1\" \/>\n<meta property=\"og:locale\" content=\"es_ES\" \/>\n<meta property=\"og:type\" content=\"article\" \/>\n<meta property=\"og:title\" content=\"Requisitos Solicitud Diploma - Secretar\u00eda Acad\u00e9mica\" \/>\n<meta property=\"og:description\" content=\"Requisitos para la solicitud del diploma ESTIMADO EGRESADO\/A \u00a0\u00a0\u00a0 Antes de comenzar con el tr\u00e1mite, por favor, lea atentamente el siguiente instructivo TR\u00c1MITE DE SOLICTUD&hellip;\" \/>\n<meta property=\"og:url\" content=\"https:\/\/sac.fica.unsl.edu.ar\/index.php\/requisitos-solicitud-diploma\/\" \/>\n<meta property=\"og:site_name\" content=\"Secretar\u00eda Acad\u00e9mica\" \/>\n<meta property=\"article:modified_time\" content=\"2026-04-06T11:19:41+00:00\" \/>\n<meta name=\"twitter:card\" content=\"summary_large_image\" \/>\n<meta name=\"twitter:label1\" content=\"Tiempo de lectura\" \/>\n\t<meta name=\"twitter:data1\" content=\"2 minutos\" \/>\n<script type=\"application\/ld+json\" class=\"yoast-schema-graph\">{\"@context\":\"https:\\\/\\\/schema.org\",\"@graph\":[{\"@type\":\"WebPage\",\"@id\":\"https:\\\/\\\/sac.fica.unsl.edu.ar\\\/index.php\\\/requisitos-solicitud-diploma\\\/\",\"url\":\"https:\\\/\\\/sac.fica.unsl.edu.ar\\\/index.php\\\/requisitos-solicitud-diploma\\\/\",\"name\":\"Requisitos Solicitud Diploma - Secretar\u00eda Acad\u00e9mica\",\"isPartOf\":{\"@id\":\"https:\\\/\\\/sac.fica.unsl.edu.ar\\\/#website\"},\"datePublished\":\"2021-04-14T15:10:35+00:00\",\"dateModified\":\"2026-04-06T11:19:41+00:00\",\"breadcrumb\":{\"@id\":\"https:\\\/\\\/sac.fica.unsl.edu.ar\\\/index.php\\\/requisitos-solicitud-diploma\\\/#breadcrumb\"},\"inLanguage\":\"es-AR\",\"potentialAction\":[{\"@type\":\"ReadAction\",\"target\":[\"https:\\\/\\\/sac.fica.unsl.edu.ar\\\/index.php\\\/requisitos-solicitud-diploma\\\/\"]}]},{\"@type\":\"BreadcrumbList\",\"@id\":\"https:\\\/\\\/sac.fica.unsl.edu.ar\\\/index.php\\\/requisitos-solicitud-diploma\\\/#breadcrumb\",\"itemListElement\":[{\"@type\":\"ListItem\",\"position\":1,\"name\":\"Inicio\",\"item\":\"https:\\\/\\\/sac.fica.unsl.edu.ar\\\/\"},{\"@type\":\"ListItem\",\"position\":2,\"name\":\"Requisitos Solicitud Diploma\"}]},{\"@type\":\"WebSite\",\"@id\":\"https:\\\/\\\/sac.fica.unsl.edu.ar\\\/#website\",\"url\":\"https:\\\/\\\/sac.fica.unsl.edu.ar\\\/\",\"name\":\"Secretar\u00eda Acad\u00e9mica\",\"description\":\"SAC\",\"publisher\":{\"@id\":\"https:\\\/\\\/sac.fica.unsl.edu.ar\\\/#organization\"},\"potentialAction\":[{\"@type\":\"SearchAction\",\"target\":{\"@type\":\"EntryPoint\",\"urlTemplate\":\"https:\\\/\\\/sac.fica.unsl.edu.ar\\\/?s={search_term_string}\"},\"query-input\":{\"@type\":\"PropertyValueSpecification\",\"valueRequired\":true,\"valueName\":\"search_term_string\"}}],\"inLanguage\":\"es-AR\"},{\"@type\":\"Organization\",\"@id\":\"https:\\\/\\\/sac.fica.unsl.edu.ar\\\/#organization\",\"name\":\"SAC- Secretar\u00eda Acad\u00e9mica FICA\",\"url\":\"https:\\\/\\\/sac.fica.unsl.edu.ar\\\/\",\"logo\":{\"@type\":\"ImageObject\",\"inLanguage\":\"es-AR\",\"@id\":\"https:\\\/\\\/sac.fica.unsl.edu.ar\\\/#\\\/schema\\\/logo\\\/image\\\/\",\"url\":\"https:\\\/\\\/sac.fica.unsl.edu.ar\\\/wp-content\\\/uploads\\\/2020\\\/11\\\/SAC.png\",\"contentUrl\":\"https:\\\/\\\/sac.fica.unsl.edu.ar\\\/wp-content\\\/uploads\\\/2020\\\/11\\\/SAC.png\",\"width\":4484,\"height\":1231,\"caption\":\"SAC- Secretar\u00eda Acad\u00e9mica FICA\"},\"image\":{\"@id\":\"https:\\\/\\\/sac.fica.unsl.edu.ar\\\/#\\\/schema\\\/logo\\\/image\\\/\"}}]}<\/script>\n<!-- \/ Yoast SEO plugin. -->","yoast_head_json":{"title":"Requisitos Solicitud Diploma - Secretar\u00eda Acad\u00e9mica","robots":{"index":"noindex","follow":"follow","max-snippet":"max-snippet:-1","max-image-preview":"max-image-preview:large","max-video-preview":"max-video-preview:-1"},"og_locale":"es_ES","og_type":"article","og_title":"Requisitos Solicitud Diploma - Secretar\u00eda Acad\u00e9mica","og_description":"Requisitos para la solicitud del diploma ESTIMADO EGRESADO\/A \u00a0\u00a0\u00a0 Antes de comenzar con el tr\u00e1mite, por favor, lea atentamente el siguiente instructivo TR\u00c1MITE DE SOLICTUD&hellip;","og_url":"https:\/\/sac.fica.unsl.edu.ar\/index.php\/requisitos-solicitud-diploma\/","og_site_name":"Secretar\u00eda Acad\u00e9mica","article_modified_time":"2026-04-06T11:19:41+00:00","twitter_card":"summary_large_image","twitter_misc":{"Tiempo de lectura":"2 minutos"},"schema":{"@context":"https:\/\/schema.org","@graph":[{"@type":"WebPage","@id":"https:\/\/sac.fica.unsl.edu.ar\/index.php\/requisitos-solicitud-diploma\/","url":"https:\/\/sac.fica.unsl.edu.ar\/index.php\/requisitos-solicitud-diploma\/","name":"Requisitos Solicitud Diploma - Secretar\u00eda Acad\u00e9mica","isPartOf":{"@id":"https:\/\/sac.fica.unsl.edu.ar\/#website"},"datePublished":"2021-04-14T15:10:35+00:00","dateModified":"2026-04-06T11:19:41+00:00","breadcrumb":{"@id":"https:\/\/sac.fica.unsl.edu.ar\/index.php\/requisitos-solicitud-diploma\/#breadcrumb"},"inLanguage":"es-AR","potentialAction":[{"@type":"ReadAction","target":["https:\/\/sac.fica.unsl.edu.ar\/index.php\/requisitos-solicitud-diploma\/"]}]},{"@type":"BreadcrumbList","@id":"https:\/\/sac.fica.unsl.edu.ar\/index.php\/requisitos-solicitud-diploma\/#breadcrumb","itemListElement":[{"@type":"ListItem","position":1,"name":"Inicio","item":"https:\/\/sac.fica.unsl.edu.ar\/"},{"@type":"ListItem","position":2,"name":"Requisitos Solicitud Diploma"}]},{"@type":"WebSite","@id":"https:\/\/sac.fica.unsl.edu.ar\/#website","url":"https:\/\/sac.fica.unsl.edu.ar\/","name":"Secretar\u00eda Acad\u00e9mica","description":"SAC","publisher":{"@id":"https:\/\/sac.fica.unsl.edu.ar\/#organization"},"potentialAction":[{"@type":"SearchAction","target":{"@type":"EntryPoint","urlTemplate":"https:\/\/sac.fica.unsl.edu.ar\/?s={search_term_string}"},"query-input":{"@type":"PropertyValueSpecification","valueRequired":true,"valueName":"search_term_string"}}],"inLanguage":"es-AR"},{"@type":"Organization","@id":"https:\/\/sac.fica.unsl.edu.ar\/#organization","name":"SAC- Secretar\u00eda Acad\u00e9mica FICA","url":"https:\/\/sac.fica.unsl.edu.ar\/","logo":{"@type":"ImageObject","inLanguage":"es-AR","@id":"https:\/\/sac.fica.unsl.edu.ar\/#\/schema\/logo\/image\/","url":"https:\/\/sac.fica.unsl.edu.ar\/wp-content\/uploads\/2020\/11\/SAC.png","contentUrl":"https:\/\/sac.fica.unsl.edu.ar\/wp-content\/uploads\/2020\/11\/SAC.png","width":4484,"height":1231,"caption":"SAC- Secretar\u00eda Acad\u00e9mica FICA"},"image":{"@id":"https:\/\/sac.fica.unsl.edu.ar\/#\/schema\/logo\/image\/"}}]}},"_links":{"self":[{"href":"https:\/\/sac.fica.unsl.edu.ar\/index.php\/wp-json\/wp\/v2\/pages\/924","targetHints":{"allow":["GET"]}}],"collection":[{"href":"https:\/\/sac.fica.unsl.edu.ar\/index.php\/wp-json\/wp\/v2\/pages"}],"about":[{"href":"https:\/\/sac.fica.unsl.edu.ar\/index.php\/wp-json\/wp\/v2\/types\/page"}],"author":[{"embeddable":true,"href":"https:\/\/sac.fica.unsl.edu.ar\/index.php\/wp-json\/wp\/v2\/users\/4"}],"replies":[{"embeddable":true,"href":"https:\/\/sac.fica.unsl.edu.ar\/index.php\/wp-json\/wp\/v2\/comments?post=924"}],"version-history":[{"count":88,"href":"https:\/\/sac.fica.unsl.edu.ar\/index.php\/wp-json\/wp\/v2\/pages\/924\/revisions"}],"predecessor-version":[{"id":3285,"href":"https:\/\/sac.fica.unsl.edu.ar\/index.php\/wp-json\/wp\/v2\/pages\/924\/revisions\/3285"}],"wp:attachment":[{"href":"https:\/\/sac.fica.unsl.edu.ar\/index.php\/wp-json\/wp\/v2\/media?parent=924"}],"curies":[{"name":"wp","href":"https:\/\/api.w.org\/{rel}","templated":true}]}}