{"id":889,"date":"2021-04-14T11:13:07","date_gmt":"2021-04-14T14:13:07","guid":{"rendered":"http:\/\/10.101.10.196\/sac\/?page_id=889"},"modified":"2021-10-22T12:28:07","modified_gmt":"2021-10-22T15:28:07","slug":"requisitos-para-pases-y-equivalencias","status":"publish","type":"page","link":"https:\/\/sac.fica.unsl.edu.ar\/index.php\/requisitos-para-pases-y-equivalencias\/","title":{"rendered":"Requisitos para Pases y Equivalencias"},"content":{"rendered":"\t\t<div data-elementor-type=\"wp-page\" data-elementor-id=\"889\" class=\"elementor elementor-889\">\n\t\t\t\t\t\t<section class=\"elementor-section elementor-top-section elementor-element elementor-element-ef4e20c elementor-section-full_width elementor-section-stretched elementor-section-height-default elementor-section-height-default\" data-id=\"ef4e20c\" data-element_type=\"section\" data-e-type=\"section\" data-settings=\"{&quot;stretch_section&quot;:&quot;section-stretched&quot;,&quot;background_background&quot;:&quot;classic&quot;}\">\n\t\t\t\t\t\t<div class=\"elementor-container elementor-column-gap-default\">\n\t\t\t\t\t<div class=\"elementor-column elementor-col-33 elementor-top-column elementor-element elementor-element-cb64dad elementor-hidden-tablet elementor-hidden-phone\" data-id=\"cb64dad\" data-element_type=\"column\" data-e-type=\"column\">\n\t\t\t<div class=\"elementor-widget-wrap\">\n\t\t\t\t\t\t\t<\/div>\n\t\t<\/div>\n\t\t\t\t<div class=\"elementor-column elementor-col-33 elementor-top-column elementor-element elementor-element-44347d5\" data-id=\"44347d5\" data-element_type=\"column\" data-e-type=\"column\" data-settings=\"{&quot;background_background&quot;:&quot;classic&quot;}\">\n\t\t\t<div class=\"elementor-widget-wrap elementor-element-populated\">\n\t\t\t\t\t\t<div class=\"elementor-element elementor-element-4c4601f elementor-widget elementor-widget-button\" data-id=\"4c4601f\" data-element_type=\"widget\" data-e-type=\"widget\" data-widget_type=\"button.default\">\n\t\t\t\t<div class=\"elementor-widget-container\">\n\t\t\t\t\t\t\t\t\t<div class=\"elementor-button-wrapper\">\n\t\t\t\t\t<a class=\"elementor-button elementor-size-sm\" role=\"button\">\n\t\t\t\t\t\t<span class=\"elementor-button-content-wrapper\">\n\t\t\t\t\t\t\t\t\t<span class=\"elementor-button-text\">Requisitos para Pases y Equivalencias<\/span>\n\t\t\t\t\t<\/span>\n\t\t\t\t\t<\/a>\n\t\t\t\t<\/div>\n\t\t\t\t\t\t\t\t<\/div>\n\t\t\t\t<\/div>\n\t\t\t\t<div class=\"elementor-element elementor-element-bd0da52 elementor-widget elementor-widget-text-editor\" data-id=\"bd0da52\" data-element_type=\"widget\" data-e-type=\"widget\" data-widget_type=\"text-editor.default\">\n\t\t\t\t<div class=\"elementor-widget-container\">\n\t\t\t\t\t\t\t\t\t<p><strong><u><span lang=\"ES-AR\">DOCUMENTACION A PRESENTAR:<\/span><\/u><\/strong><\/p><p><strong><span lang=\"ES-AR\">1 \u2013\u00a0<\/span><\/strong><span lang=\"ES-AR\"><strong>FORMULARIO DE SOLICITUD DE EQUIVALENCIAS (DONDE DEBERA CONSTAR DETALLE DE MATERIAS APROBADAS Y REGULARIZADAS), AL QUE ACOMPA\u00d1A<\/strong><\/span><\/p><ul type=\"a\"><li><p><span lang=\"ES-AR\">Plan de estudios de la carrera de origen<\/span><\/p><\/li><li><p><span lang=\"ES-AR\">Certificado de estudios con la indicaci\u00f3n de asignaturas aprobadas, fecha de aprobaci\u00f3n y calificaci\u00f3n obtenida, numero de horas semanales de clases te\u00f3rica y practicas dictadas en cada asignatura, r\u00e9gimen de cada materia (anual, semestral, cuatrimestral, etc.)<\/span><\/p><\/li><li><p><span lang=\"ES-AR\">Programa anal\u00edtico y de examen, que debe incluir el plan de trabajos pr\u00e1cticos y bibliograf\u00eda recomendada, de cada una de las asignaturas aprobadas y regularizadas cuya equivalencia solicita.<\/span><\/p><\/li><li><p><span lang=\"ES-AR\">En caso de solicitar equivalencia de trabajos pr\u00e1cticos, se deber\u00e1 incluir carpetas o documentaci\u00f3n detallada de los mismos.<\/span><\/p><\/li><li><p><span lang=\"ES-AR\">Certificado donde conste que no ha sido sancionado con medidas disciplinarias o que la instituci\u00f3n aclare que no expide ese tipo de certificados.<\/span><\/p><\/li><li><p><span lang=\"ES-AR\">Toda la documentaci\u00f3n indicada en el punto 1., incisos a),b),c),d) y e) deber\u00e1 estar debidamente autenticada por la autoridad competente, que corresponda.<\/span><\/p><\/li><\/ul><p><strong>2 \u2013\u00a0<span lang=\"ES-AR\">DOCUMENTACION PARA EL LEGAJO DEL ALUMNO<\/span><\/strong><\/p><ul type=\"a\"><li><p><span lang=\"ES-AR\">Certificado de estudios secundarios<\/span><\/p><\/li><li><p><span lang=\"ES-AR\">Partida de nacimiento (legalizada si es nativo de otro pa\u00eds o provincia)<\/span><\/p><\/li><li><p><span lang=\"ES-AR\">Fotocopiar de la 1\u00ba y 2\u00ba hoja del documento de identidad<\/span><\/p><\/li><li><p><span lang=\"ES-AR\">Certificado de domicilio (otorgado por la dependencia policial del lugar de residencia)<\/span><\/p><\/li><li><p><span lang=\"ES-AR\">Certificado de buena salud<\/span><\/p><\/li><li><p><span lang=\"ES-AR\">Cuatro fotos de 4\u00d74 (tipo carnet)<\/span><\/p><\/li><\/ul><p><strong>Recordar: que la documentaci\u00f3n solicitada en el item 1 debe ser presentada por Mesa de Entradas y la solicitada en item 2 en Departamento de Alumnos:<\/strong><\/p>\t\t\t\t\t\t\t\t<\/div>\n\t\t\t\t<\/div>\n\t\t\t\t\t<\/div>\n\t\t<\/div>\n\t\t\t\t<div class=\"elementor-column elementor-col-33 elementor-top-column elementor-element elementor-element-74ab5e2\" data-id=\"74ab5e2\" data-element_type=\"column\" data-e-type=\"column\">\n\t\t\t<div class=\"elementor-widget-wrap\">\n\t\t\t\t\t\t\t<\/div>\n\t\t<\/div>\n\t\t\t\t\t<\/div>\n\t\t<\/section>\n\t\t\t\t<section class=\"elementor-section elementor-top-section elementor-element elementor-element-7bdc8a8 elementor-section-full_width elementor-section-stretched elementor-section-height-default elementor-section-height-default\" data-id=\"7bdc8a8\" data-element_type=\"section\" data-e-type=\"section\" data-settings=\"{&quot;stretch_section&quot;:&quot;section-stretched&quot;,&quot;background_background&quot;:&quot;classic&quot;}\">\n\t\t\t\t\t\t\t<div class=\"elementor-background-overlay\"><\/div>\n\t\t\t\t\t\t\t<div class=\"elementor-container elementor-column-gap-default\">\n\t\t\t\t\t<div class=\"elementor-column elementor-col-100 elementor-top-column elementor-element elementor-element-4a03895\" data-id=\"4a03895\" data-element_type=\"column\" data-e-type=\"column\">\n\t\t\t<div class=\"elementor-widget-wrap elementor-element-populated\">\n\t\t\t\t\t\t<div class=\"elementor-element elementor-element-4276844 elementor-widget elementor-widget-spacer\" data-id=\"4276844\" data-element_type=\"widget\" data-e-type=\"widget\" data-widget_type=\"spacer.default\">\n\t\t\t\t<div class=\"elementor-widget-container\">\n\t\t\t\t\t\t\t<div class=\"elementor-spacer\">\n\t\t\t<div class=\"elementor-spacer-inner\"><\/div>\n\t\t<\/div>\n\t\t\t\t\t\t<\/div>\n\t\t\t\t<\/div>\n\t\t\t\t\t<\/div>\n\t\t<\/div>\n\t\t\t\t\t<\/div>\n\t\t<\/section>\n\t\t\t\t<\/div>\n\t\t","protected":false},"excerpt":{"rendered":"<p>Requisitos para Pases y Equivalencias DOCUMENTACION A PRESENTAR: 1 \u2013\u00a0FORMULARIO DE SOLICITUD DE EQUIVALENCIAS (DONDE DEBERA CONSTAR DETALLE DE MATERIAS APROBADAS Y REGULARIZADAS), AL QUE&hellip;<\/p>\n","protected":false},"author":4,"featured_media":0,"parent":0,"menu_order":0,"comment_status":"closed","ping_status":"closed","template":"elementor_header_footer","meta":{"_monsterinsights_skip_tracking":false,"_monsterinsights_sitenote_active":false,"_monsterinsights_sitenote_note":"","_monsterinsights_sitenote_category":0,"footnotes":""},"class_list":["post-889","page","type-page","status-publish","hentry"],"yoast_head":"<!-- This site is optimized with the Yoast SEO plugin v27.4 - https:\/\/yoast.com\/product\/yoast-seo-wordpress\/ -->\n<title>Requisitos para Pases y Equivalencias - Secretar\u00eda Acad\u00e9mica<\/title>\n<meta name=\"robots\" content=\"noindex, follow, max-snippet:-1, max-image-preview:large, max-video-preview:-1\" \/>\n<meta property=\"og:locale\" content=\"es_ES\" \/>\n<meta property=\"og:type\" content=\"article\" \/>\n<meta property=\"og:title\" content=\"Requisitos para Pases y Equivalencias - Secretar\u00eda Acad\u00e9mica\" \/>\n<meta property=\"og:description\" content=\"Requisitos para Pases y Equivalencias DOCUMENTACION A PRESENTAR: 1 \u2013\u00a0FORMULARIO DE SOLICITUD DE EQUIVALENCIAS (DONDE DEBERA CONSTAR DETALLE DE MATERIAS APROBADAS Y REGULARIZADAS), AL QUE&hellip;\" \/>\n<meta property=\"og:url\" content=\"https:\/\/sac.fica.unsl.edu.ar\/index.php\/requisitos-para-pases-y-equivalencias\/\" \/>\n<meta property=\"og:site_name\" content=\"Secretar\u00eda Acad\u00e9mica\" \/>\n<meta property=\"article:modified_time\" content=\"2021-10-22T15:28:07+00:00\" \/>\n<meta name=\"twitter:card\" content=\"summary_large_image\" \/>\n<meta name=\"twitter:label1\" content=\"Tiempo de lectura\" \/>\n\t<meta name=\"twitter:data1\" content=\"2 minutos\" \/>\n<script type=\"application\/ld+json\" class=\"yoast-schema-graph\">{\"@context\":\"https:\\\/\\\/schema.org\",\"@graph\":[{\"@type\":\"WebPage\",\"@id\":\"https:\\\/\\\/sac.fica.unsl.edu.ar\\\/index.php\\\/requisitos-para-pases-y-equivalencias\\\/\",\"url\":\"https:\\\/\\\/sac.fica.unsl.edu.ar\\\/index.php\\\/requisitos-para-pases-y-equivalencias\\\/\",\"name\":\"Requisitos para Pases y Equivalencias - Secretar\u00eda Acad\u00e9mica\",\"isPartOf\":{\"@id\":\"https:\\\/\\\/sac.fica.unsl.edu.ar\\\/#website\"},\"datePublished\":\"2021-04-14T14:13:07+00:00\",\"dateModified\":\"2021-10-22T15:28:07+00:00\",\"breadcrumb\":{\"@id\":\"https:\\\/\\\/sac.fica.unsl.edu.ar\\\/index.php\\\/requisitos-para-pases-y-equivalencias\\\/#breadcrumb\"},\"inLanguage\":\"es-AR\",\"potentialAction\":[{\"@type\":\"ReadAction\",\"target\":[\"https:\\\/\\\/sac.fica.unsl.edu.ar\\\/index.php\\\/requisitos-para-pases-y-equivalencias\\\/\"]}]},{\"@type\":\"BreadcrumbList\",\"@id\":\"https:\\\/\\\/sac.fica.unsl.edu.ar\\\/index.php\\\/requisitos-para-pases-y-equivalencias\\\/#breadcrumb\",\"itemListElement\":[{\"@type\":\"ListItem\",\"position\":1,\"name\":\"Inicio\",\"item\":\"https:\\\/\\\/sac.fica.unsl.edu.ar\\\/\"},{\"@type\":\"ListItem\",\"position\":2,\"name\":\"Requisitos para Pases y Equivalencias\"}]},{\"@type\":\"WebSite\",\"@id\":\"https:\\\/\\\/sac.fica.unsl.edu.ar\\\/#website\",\"url\":\"https:\\\/\\\/sac.fica.unsl.edu.ar\\\/\",\"name\":\"Secretar\u00eda Acad\u00e9mica\",\"description\":\"SAC\",\"publisher\":{\"@id\":\"https:\\\/\\\/sac.fica.unsl.edu.ar\\\/#organization\"},\"potentialAction\":[{\"@type\":\"SearchAction\",\"target\":{\"@type\":\"EntryPoint\",\"urlTemplate\":\"https:\\\/\\\/sac.fica.unsl.edu.ar\\\/?s={search_term_string}\"},\"query-input\":{\"@type\":\"PropertyValueSpecification\",\"valueRequired\":true,\"valueName\":\"search_term_string\"}}],\"inLanguage\":\"es-AR\"},{\"@type\":\"Organization\",\"@id\":\"https:\\\/\\\/sac.fica.unsl.edu.ar\\\/#organization\",\"name\":\"SAC- Secretar\u00eda Acad\u00e9mica FICA\",\"url\":\"https:\\\/\\\/sac.fica.unsl.edu.ar\\\/\",\"logo\":{\"@type\":\"ImageObject\",\"inLanguage\":\"es-AR\",\"@id\":\"https:\\\/\\\/sac.fica.unsl.edu.ar\\\/#\\\/schema\\\/logo\\\/image\\\/\",\"url\":\"https:\\\/\\\/sac.fica.unsl.edu.ar\\\/wp-content\\\/uploads\\\/2020\\\/11\\\/SAC.png\",\"contentUrl\":\"https:\\\/\\\/sac.fica.unsl.edu.ar\\\/wp-content\\\/uploads\\\/2020\\\/11\\\/SAC.png\",\"width\":4484,\"height\":1231,\"caption\":\"SAC- Secretar\u00eda Acad\u00e9mica FICA\"},\"image\":{\"@id\":\"https:\\\/\\\/sac.fica.unsl.edu.ar\\\/#\\\/schema\\\/logo\\\/image\\\/\"}}]}<\/script>\n<!-- \/ Yoast SEO plugin. -->","yoast_head_json":{"title":"Requisitos para Pases y Equivalencias - Secretar\u00eda Acad\u00e9mica","robots":{"index":"noindex","follow":"follow","max-snippet":"max-snippet:-1","max-image-preview":"max-image-preview:large","max-video-preview":"max-video-preview:-1"},"og_locale":"es_ES","og_type":"article","og_title":"Requisitos para Pases y Equivalencias - Secretar\u00eda Acad\u00e9mica","og_description":"Requisitos para Pases y Equivalencias DOCUMENTACION A PRESENTAR: 1 \u2013\u00a0FORMULARIO DE SOLICITUD DE EQUIVALENCIAS (DONDE DEBERA CONSTAR DETALLE DE MATERIAS APROBADAS Y REGULARIZADAS), AL QUE&hellip;","og_url":"https:\/\/sac.fica.unsl.edu.ar\/index.php\/requisitos-para-pases-y-equivalencias\/","og_site_name":"Secretar\u00eda Acad\u00e9mica","article_modified_time":"2021-10-22T15:28:07+00:00","twitter_card":"summary_large_image","twitter_misc":{"Tiempo de lectura":"2 minutos"},"schema":{"@context":"https:\/\/schema.org","@graph":[{"@type":"WebPage","@id":"https:\/\/sac.fica.unsl.edu.ar\/index.php\/requisitos-para-pases-y-equivalencias\/","url":"https:\/\/sac.fica.unsl.edu.ar\/index.php\/requisitos-para-pases-y-equivalencias\/","name":"Requisitos para Pases y Equivalencias - Secretar\u00eda Acad\u00e9mica","isPartOf":{"@id":"https:\/\/sac.fica.unsl.edu.ar\/#website"},"datePublished":"2021-04-14T14:13:07+00:00","dateModified":"2021-10-22T15:28:07+00:00","breadcrumb":{"@id":"https:\/\/sac.fica.unsl.edu.ar\/index.php\/requisitos-para-pases-y-equivalencias\/#breadcrumb"},"inLanguage":"es-AR","potentialAction":[{"@type":"ReadAction","target":["https:\/\/sac.fica.unsl.edu.ar\/index.php\/requisitos-para-pases-y-equivalencias\/"]}]},{"@type":"BreadcrumbList","@id":"https:\/\/sac.fica.unsl.edu.ar\/index.php\/requisitos-para-pases-y-equivalencias\/#breadcrumb","itemListElement":[{"@type":"ListItem","position":1,"name":"Inicio","item":"https:\/\/sac.fica.unsl.edu.ar\/"},{"@type":"ListItem","position":2,"name":"Requisitos para Pases y Equivalencias"}]},{"@type":"WebSite","@id":"https:\/\/sac.fica.unsl.edu.ar\/#website","url":"https:\/\/sac.fica.unsl.edu.ar\/","name":"Secretar\u00eda Acad\u00e9mica","description":"SAC","publisher":{"@id":"https:\/\/sac.fica.unsl.edu.ar\/#organization"},"potentialAction":[{"@type":"SearchAction","target":{"@type":"EntryPoint","urlTemplate":"https:\/\/sac.fica.unsl.edu.ar\/?s={search_term_string}"},"query-input":{"@type":"PropertyValueSpecification","valueRequired":true,"valueName":"search_term_string"}}],"inLanguage":"es-AR"},{"@type":"Organization","@id":"https:\/\/sac.fica.unsl.edu.ar\/#organization","name":"SAC- Secretar\u00eda Acad\u00e9mica FICA","url":"https:\/\/sac.fica.unsl.edu.ar\/","logo":{"@type":"ImageObject","inLanguage":"es-AR","@id":"https:\/\/sac.fica.unsl.edu.ar\/#\/schema\/logo\/image\/","url":"https:\/\/sac.fica.unsl.edu.ar\/wp-content\/uploads\/2020\/11\/SAC.png","contentUrl":"https:\/\/sac.fica.unsl.edu.ar\/wp-content\/uploads\/2020\/11\/SAC.png","width":4484,"height":1231,"caption":"SAC- Secretar\u00eda Acad\u00e9mica FICA"},"image":{"@id":"https:\/\/sac.fica.unsl.edu.ar\/#\/schema\/logo\/image\/"}}]}},"_links":{"self":[{"href":"https:\/\/sac.fica.unsl.edu.ar\/index.php\/wp-json\/wp\/v2\/pages\/889","targetHints":{"allow":["GET"]}}],"collection":[{"href":"https:\/\/sac.fica.unsl.edu.ar\/index.php\/wp-json\/wp\/v2\/pages"}],"about":[{"href":"https:\/\/sac.fica.unsl.edu.ar\/index.php\/wp-json\/wp\/v2\/types\/page"}],"author":[{"embeddable":true,"href":"https:\/\/sac.fica.unsl.edu.ar\/index.php\/wp-json\/wp\/v2\/users\/4"}],"replies":[{"embeddable":true,"href":"https:\/\/sac.fica.unsl.edu.ar\/index.php\/wp-json\/wp\/v2\/comments?post=889"}],"version-history":[{"count":10,"href":"https:\/\/sac.fica.unsl.edu.ar\/index.php\/wp-json\/wp\/v2\/pages\/889\/revisions"}],"predecessor-version":[{"id":1489,"href":"https:\/\/sac.fica.unsl.edu.ar\/index.php\/wp-json\/wp\/v2\/pages\/889\/revisions\/1489"}],"wp:attachment":[{"href":"https:\/\/sac.fica.unsl.edu.ar\/index.php\/wp-json\/wp\/v2\/media?parent=889"}],"curies":[{"name":"wp","href":"https:\/\/api.w.org\/{rel}","templated":true}]}}