{"id":1157,"date":"2021-08-04T11:50:03","date_gmt":"2021-08-04T14:50:03","guid":{"rendered":"http:\/\/10.101.10.196\/sac\/?page_id=1157"},"modified":"2021-11-08T11:34:00","modified_gmt":"2021-11-08T14:34:00","slug":"preguntas-frecuentes","status":"publish","type":"page","link":"https:\/\/sac.fica.unsl.edu.ar\/index.php\/preguntas-frecuentes\/","title":{"rendered":"Preguntas Frecuentes"},"content":{"rendered":"\t\t<div data-elementor-type=\"wp-page\" data-elementor-id=\"1157\" class=\"elementor elementor-1157\">\n\t\t\t\t\t\t<section class=\"elementor-section elementor-top-section elementor-element elementor-element-ef4e20c elementor-section-full_width elementor-section-height-default elementor-section-height-default\" data-id=\"ef4e20c\" data-element_type=\"section\" data-e-type=\"section\" data-settings=\"{&quot;background_background&quot;:&quot;classic&quot;}\">\n\t\t\t\t\t\t\t<div class=\"elementor-background-overlay\"><\/div>\n\t\t\t\t\t\t\t<div class=\"elementor-container elementor-column-gap-no\">\n\t\t\t\t\t<div class=\"elementor-column elementor-col-100 elementor-top-column elementor-element elementor-element-44347d5\" data-id=\"44347d5\" data-element_type=\"column\" data-e-type=\"column\" data-settings=\"{&quot;background_background&quot;:&quot;classic&quot;}\">\n\t\t\t<div class=\"elementor-widget-wrap elementor-element-populated\">\n\t\t\t\t\t\t<section class=\"elementor-section elementor-inner-section elementor-element elementor-element-2ff77ad elementor-section-boxed elementor-section-height-default elementor-section-height-default\" data-id=\"2ff77ad\" data-element_type=\"section\" data-e-type=\"section\">\n\t\t\t\t\t\t<div class=\"elementor-container elementor-column-gap-default\">\n\t\t\t\t\t<div class=\"elementor-column elementor-col-50 elementor-inner-column elementor-element elementor-element-cb6c2b6\" data-id=\"cb6c2b6\" data-element_type=\"column\" data-e-type=\"column\">\n\t\t\t<div class=\"elementor-widget-wrap elementor-element-populated\">\n\t\t\t\t\t\t<div class=\"elementor-element elementor-element-72b2cc4 elementor-widget elementor-widget-button\" data-id=\"72b2cc4\" data-element_type=\"widget\" data-e-type=\"widget\" data-widget_type=\"button.default\">\n\t\t\t\t<div class=\"elementor-widget-container\">\n\t\t\t\t\t\t\t\t\t<div class=\"elementor-button-wrapper\">\n\t\t\t\t\t<a class=\"elementor-button elementor-size-sm\" role=\"button\">\n\t\t\t\t\t\t<span class=\"elementor-button-content-wrapper\">\n\t\t\t\t\t\t\t\t\t<span class=\"elementor-button-text\">PREGUNTAS FRECUENTES<\/span>\n\t\t\t\t\t<\/span>\n\t\t\t\t\t<\/a>\n\t\t\t\t<\/div>\n\t\t\t\t\t\t\t\t<\/div>\n\t\t\t\t<\/div>\n\t\t\t\t\t<\/div>\n\t\t<\/div>\n\t\t\t\t<div class=\"elementor-column elementor-col-50 elementor-inner-column elementor-element elementor-element-134e51e\" data-id=\"134e51e\" data-element_type=\"column\" data-e-type=\"column\">\n\t\t\t<div class=\"elementor-widget-wrap elementor-element-populated\">\n\t\t\t\t\t\t<div class=\"elementor-element elementor-element-499f115 elementor-widget elementor-widget-heading\" data-id=\"499f115\" data-element_type=\"widget\" data-e-type=\"widget\" data-widget_type=\"heading.default\">\n\t\t\t\t<div class=\"elementor-widget-container\">\n\t\t\t\t\t<h2 class=\"elementor-heading-title elementor-size-default\">\u00bf ... ?<\/h2>\t\t\t\t<\/div>\n\t\t\t\t<\/div>\n\t\t\t\t\t<\/div>\n\t\t<\/div>\n\t\t\t\t\t<\/div>\n\t\t<\/section>\n\t\t\t\t<section class=\"elementor-section elementor-inner-section elementor-element elementor-element-a8e56fb elementor-section-full_width elementor-section-height-default elementor-section-height-default\" data-id=\"a8e56fb\" data-element_type=\"section\" data-e-type=\"section\">\n\t\t\t\t\t\t<div class=\"elementor-container elementor-column-gap-no\">\n\t\t\t\t\t<div class=\"elementor-column elementor-col-100 elementor-inner-column elementor-element elementor-element-8859d1c\" data-id=\"8859d1c\" data-element_type=\"column\" data-e-type=\"column\">\n\t\t\t<div class=\"elementor-widget-wrap elementor-element-populated\">\n\t\t\t\t\t\t<div class=\"elementor-element elementor-element-f085540 elementor-widget elementor-widget-toggle\" data-id=\"f085540\" data-element_type=\"widget\" data-e-type=\"widget\" data-widget_type=\"toggle.default\">\n\t\t\t\t<div class=\"elementor-widget-container\">\n\t\t\t\t\t\t\t<div class=\"elementor-toggle\">\n\t\t\t\t\t\t\t<div class=\"elementor-toggle-item\">\n\t\t\t\t\t<div id=\"elementor-tab-title-2521\" class=\"elementor-tab-title\" data-tab=\"1\" role=\"button\" aria-controls=\"elementor-tab-content-2521\" aria-expanded=\"false\">\n\t\t\t\t\t\t\t\t\t\t\t\t<span class=\"elementor-toggle-icon elementor-toggle-icon-left\" aria-hidden=\"true\">\n\t\t\t\t\t\t\t\t\t\t\t\t\t\t\t<span class=\"elementor-toggle-icon-closed\"><i class=\"fas fa-caret-right\"><\/i><\/span>\n\t\t\t\t\t\t\t\t<span class=\"elementor-toggle-icon-opened\"><i class=\"elementor-toggle-icon-opened fas fa-caret-up\"><\/i><\/span>\n\t\t\t\t\t\t\t\t\t\t\t\t\t<\/span>\n\t\t\t\t\t\t\t\t\t\t\t\t<a class=\"elementor-toggle-title\" tabindex=\"0\">\u00bfC\u00f3mo hago para inscribirme?<\/a>\n\t\t\t\t\t<\/div>\n\n\t\t\t\t\t<div id=\"elementor-tab-content-2521\" class=\"elementor-tab-content elementor-clearfix\" data-tab=\"1\" role=\"region\" aria-labelledby=\"elementor-tab-title-2521\"><ul><li>Ingresar a\u00a0<a href=\"http:\/\/www.carreras.unsl.edu.ar\/#\/inscripciones\/preinscripcion-on-line\" target=\"_blank\" rel=\"noopener\">Preinscripci\u00f3n OnLine<\/a>\u00a0y seleccionar la facultad de tu carrera.<\/li><li>Crear un nuevo usuario y contrase\u00f1a para ingresar al sistema.<\/li><li>Completar el formulario online de preinscripci\u00f3n eligiendo la carrera de inter\u00e9s. Tenga en cuenta que s\u00f3lo quedar\u00e1 su preinscripci\u00f3n registrada cuando complete todos los campos del formulario y presione el bot\u00f3n IMPRIMIR, aunque no lo imprima en ese momento, esta acci\u00f3n permite que el formulario quede guardado y se registre la preinscripci\u00f3n.<\/li><li>Imprimir, el formulario de preinscripci\u00f3n, ya que deber\u00e1 acompa\u00f1ar la documentaci\u00f3n al momento de inscripci\u00f3n.en cada Unidad Acad\u00e9mica. Este paso se recomienda realizarlo al momento de presentar en formato papel la documentaci\u00f3n requerida para la inscripci\u00f3n definitiva.<\/li><\/ul><\/div>\n\t\t\t\t<\/div>\n\t\t\t\t\t\t\t<div class=\"elementor-toggle-item\">\n\t\t\t\t\t<div id=\"elementor-tab-title-2522\" class=\"elementor-tab-title\" data-tab=\"2\" role=\"button\" aria-controls=\"elementor-tab-content-2522\" aria-expanded=\"false\">\n\t\t\t\t\t\t\t\t\t\t\t\t<span class=\"elementor-toggle-icon elementor-toggle-icon-left\" aria-hidden=\"true\">\n\t\t\t\t\t\t\t\t\t\t\t\t\t\t\t<span class=\"elementor-toggle-icon-closed\"><i class=\"fas fa-caret-right\"><\/i><\/span>\n\t\t\t\t\t\t\t\t<span class=\"elementor-toggle-icon-opened\"><i class=\"elementor-toggle-icon-opened fas fa-caret-up\"><\/i><\/span>\n\t\t\t\t\t\t\t\t\t\t\t\t\t<\/span>\n\t\t\t\t\t\t\t\t\t\t\t\t<a class=\"elementor-toggle-title\" tabindex=\"0\">\u00bfCu\u00e1ndo se abren las preinscripciones?<\/a>\n\t\t\t\t\t<\/div>\n\n\t\t\t\t\t<div id=\"elementor-tab-content-2522\" class=\"elementor-tab-content elementor-clearfix\" data-tab=\"2\" role=\"region\" aria-labelledby=\"elementor-tab-title-2522\"><ul>\n<li>Desde el mes de octubre de cada a\u00f1o y hasta los \u00faltimos d\u00edas de Marzo del 2022, completando el formulario de&nbsp;<a href=\"http:\/\/www.carreras.unsl.edu.ar\/#\/inscripciones\/preinscripcion-on-line\" target=\"_blank\" rel=\"noopener\">Preinscripci\u00f3n OnLine<\/a><\/li>\n<\/ul><\/div>\n\t\t\t\t<\/div>\n\t\t\t\t\t\t\t<div class=\"elementor-toggle-item\">\n\t\t\t\t\t<div id=\"elementor-tab-title-2523\" class=\"elementor-tab-title\" data-tab=\"3\" role=\"button\" aria-controls=\"elementor-tab-content-2523\" aria-expanded=\"false\">\n\t\t\t\t\t\t\t\t\t\t\t\t<span class=\"elementor-toggle-icon elementor-toggle-icon-left\" aria-hidden=\"true\">\n\t\t\t\t\t\t\t\t\t\t\t\t\t\t\t<span class=\"elementor-toggle-icon-closed\"><i class=\"fas fa-caret-right\"><\/i><\/span>\n\t\t\t\t\t\t\t\t<span class=\"elementor-toggle-icon-opened\"><i class=\"elementor-toggle-icon-opened fas fa-caret-up\"><\/i><\/span>\n\t\t\t\t\t\t\t\t\t\t\t\t\t<\/span>\n\t\t\t\t\t\t\t\t\t\t\t\t<a class=\"elementor-toggle-title\" tabindex=\"0\">\u00bfNo sabes que carrera estudiar?<\/a>\n\t\t\t\t\t<\/div>\n\n\t\t\t\t\t<div id=\"elementor-tab-content-2523\" class=\"elementor-tab-content elementor-clearfix\" data-tab=\"3\" role=\"region\" aria-labelledby=\"elementor-tab-title-2523\"><ul>\n \t<li>\nHacete preguntas, incomodate, pone en duda lo que sabes o te hicieron conocer. En el Programa de\u00a0<a href=\"http:\/\/dondeestesestamos.unsl.edu.ar\/#ovo\" target=\"_blank\" rel=\"noopener\">Orientaci\u00f3n Vocacional-Ocupacional<\/a>\u00a0queremos que esas preguntas te permitan definir el camino que queres crear. Podes estudiar\u2026podes trabajar. Desde el Programa te brindamos la informaci\u00f3n para que, lo que elijas, lo decidas vos. Abrite a explorar\u2026que donde decidas estar\u2026estaremos.\u00a0<a class=\"btn btn-sm btn-primary text-white\" href=\"https:\/\/docs.google.com\/forms\/d\/e\/1FAIpQLSfs1LYro0Db-0oEUjpjafcH9cwV2JH5zHW7Kd_P9Q_bDvS-qw\/viewform\" target=\"_blank\" rel=\"noopener\">Enterate m\u00e1s<\/a>\n<\/li>\n<\/ul><\/div>\n\t\t\t\t<\/div>\n\t\t\t\t\t\t\t<div class=\"elementor-toggle-item\">\n\t\t\t\t\t<div id=\"elementor-tab-title-2524\" class=\"elementor-tab-title\" data-tab=\"4\" role=\"button\" aria-controls=\"elementor-tab-content-2524\" aria-expanded=\"false\">\n\t\t\t\t\t\t\t\t\t\t\t\t<span class=\"elementor-toggle-icon elementor-toggle-icon-left\" aria-hidden=\"true\">\n\t\t\t\t\t\t\t\t\t\t\t\t\t\t\t<span class=\"elementor-toggle-icon-closed\"><i class=\"fas fa-caret-right\"><\/i><\/span>\n\t\t\t\t\t\t\t\t<span class=\"elementor-toggle-icon-opened\"><i class=\"elementor-toggle-icon-opened fas fa-caret-up\"><\/i><\/span>\n\t\t\t\t\t\t\t\t\t\t\t\t\t<\/span>\n\t\t\t\t\t\t\t\t\t\t\t\t<a class=\"elementor-toggle-title\" tabindex=\"0\">\u00bfTodas las carreras tienen curso de ingreso?<\/a>\n\t\t\t\t\t<\/div>\n\n\t\t\t\t\t<div id=\"elementor-tab-content-2524\" class=\"elementor-tab-content elementor-clearfix\" data-tab=\"4\" role=\"region\" aria-labelledby=\"elementor-tab-title-2524\"><ul>\n \t<li>\nSi, dura alrededor de un mes, no es eliminatorio. Repasa desde conceptos vistos en el secundario hasta contenidos que ser\u00e1n b\u00e1sicos en las materias de primer a\u00f1o. Adem\u00e1s brinda informaci\u00f3n valiosa sobre todo el tr\u00e1nsito que supone la vida universitaria, contactos con compa\u00f1eros y con tus propias formas de aprender y estudiar.\n<\/li>\n<\/ul><\/div>\n\t\t\t\t<\/div>\n\t\t\t\t\t\t\t<div class=\"elementor-toggle-item\">\n\t\t\t\t\t<div id=\"elementor-tab-title-2525\" class=\"elementor-tab-title\" data-tab=\"5\" role=\"button\" aria-controls=\"elementor-tab-content-2525\" aria-expanded=\"false\">\n\t\t\t\t\t\t\t\t\t\t\t\t<span class=\"elementor-toggle-icon elementor-toggle-icon-left\" aria-hidden=\"true\">\n\t\t\t\t\t\t\t\t\t\t\t\t\t\t\t<span class=\"elementor-toggle-icon-closed\"><i class=\"fas fa-caret-right\"><\/i><\/span>\n\t\t\t\t\t\t\t\t<span class=\"elementor-toggle-icon-opened\"><i class=\"elementor-toggle-icon-opened fas fa-caret-up\"><\/i><\/span>\n\t\t\t\t\t\t\t\t\t\t\t\t\t<\/span>\n\t\t\t\t\t\t\t\t\t\t\t\t<a class=\"elementor-toggle-title\" tabindex=\"0\">\u00bfC\u00f3mo me entero de la fecha del curso y el material de estudio?<\/a>\n\t\t\t\t\t<\/div>\n\n\t\t\t\t\t<div id=\"elementor-tab-content-2525\" class=\"elementor-tab-content elementor-clearfix\" data-tab=\"5\" role=\"region\" aria-labelledby=\"elementor-tab-title-2525\"><ul><li>Toda la informaci\u00f3n es publicada con anticipaci\u00f3n en las p\u00e1ginas web de la\u00a0<a href=\"http:\/\/www.fica.unsl.edu.ar\" target=\"_blank\" rel=\"noopener\">Facultad<\/a>, ingres\u00e1 y encontrar\u00e1s un bot\u00f3n para INGRESO<\/li><\/ul><\/div>\n\t\t\t\t<\/div>\n\t\t\t\t\t\t\t<div class=\"elementor-toggle-item\">\n\t\t\t\t\t<div id=\"elementor-tab-title-2526\" class=\"elementor-tab-title\" data-tab=\"6\" role=\"button\" aria-controls=\"elementor-tab-content-2526\" aria-expanded=\"false\">\n\t\t\t\t\t\t\t\t\t\t\t\t<span class=\"elementor-toggle-icon elementor-toggle-icon-left\" aria-hidden=\"true\">\n\t\t\t\t\t\t\t\t\t\t\t\t\t\t\t<span class=\"elementor-toggle-icon-closed\"><i class=\"fas fa-caret-right\"><\/i><\/span>\n\t\t\t\t\t\t\t\t<span class=\"elementor-toggle-icon-opened\"><i class=\"elementor-toggle-icon-opened fas fa-caret-up\"><\/i><\/span>\n\t\t\t\t\t\t\t\t\t\t\t\t\t<\/span>\n\t\t\t\t\t\t\t\t\t\t\t\t<a class=\"elementor-toggle-title\" tabindex=\"0\">\u00bfY si tengo m\u00e1s dudas o quiero preguntar otra cosa?<\/a>\n\t\t\t\t\t<\/div>\n\n\t\t\t\t\t<div id=\"elementor-tab-content-2526\" class=\"elementor-tab-content elementor-clearfix\" data-tab=\"6\" role=\"region\" aria-labelledby=\"elementor-tab-title-2526\"><p style=\"padding-left: 40px;\">Informaci\u00f3n y asistencia al ingresante:<\/p><ul><li style=\"list-style-type: none;\"><ul><li>Correo:\u00a0<a href=\"mailto:carreras.unsl@gmail.com\" target=\"_blank\" rel=\"noopener\">ingresofica@unsl.edu.ar<\/a><\/li><li>Tel\u00e9fono:\u00a0<a href=\"tel:\/\/2664520300\">2657531000<\/a> &#8211; Interno 7177<\/li><li>Horario: Lunes a Viernes de 9 a 12 hs<\/li><\/ul><\/li><\/ul><\/div>\n\t\t\t\t<\/div>\n\t\t\t\t\t\t\t\t<\/div>\n\t\t\t\t\t\t<\/div>\n\t\t\t\t<\/div>\n\t\t\t\t\t<\/div>\n\t\t<\/div>\n\t\t\t\t\t<\/div>\n\t\t<\/section>\n\t\t\t\t\t<\/div>\n\t\t<\/div>\n\t\t\t\t\t<\/div>\n\t\t<\/section>\n\t\t\t\t<section class=\"elementor-section elementor-top-section elementor-element elementor-element-00d5b70 elementor-section-boxed elementor-section-height-default elementor-section-height-default\" data-id=\"00d5b70\" data-element_type=\"section\" data-e-type=\"section\">\n\t\t\t\t\t\t<div class=\"elementor-container elementor-column-gap-default\">\n\t\t\t\t\t<div class=\"elementor-column elementor-col-100 elementor-top-column elementor-element elementor-element-285e66b\" data-id=\"285e66b\" data-element_type=\"column\" data-e-type=\"column\">\n\t\t\t<div class=\"elementor-widget-wrap elementor-element-populated\">\n\t\t\t\t\t\t<div class=\"elementor-element elementor-element-19c81e6 elementor-widget elementor-widget-spacer\" data-id=\"19c81e6\" data-element_type=\"widget\" data-e-type=\"widget\" data-widget_type=\"spacer.default\">\n\t\t\t\t<div class=\"elementor-widget-container\">\n\t\t\t\t\t\t\t<div class=\"elementor-spacer\">\n\t\t\t<div class=\"elementor-spacer-inner\"><\/div>\n\t\t<\/div>\n\t\t\t\t\t\t<\/div>\n\t\t\t\t<\/div>\n\t\t\t\t\t<\/div>\n\t\t<\/div>\n\t\t\t\t\t<\/div>\n\t\t<\/section>\n\t\t\t\t<\/div>\n\t\t","protected":false},"excerpt":{"rendered":"<p>PREGUNTAS FRECUENTES \u00bf &#8230; ? \u00bfC\u00f3mo hago para inscribirme? Ingresar a\u00a0Preinscripci\u00f3n OnLine\u00a0y seleccionar la facultad de tu carrera. Crear un nuevo usuario y contrase\u00f1a para&hellip;<\/p>\n","protected":false},"author":4,"featured_media":0,"parent":0,"menu_order":0,"comment_status":"closed","ping_status":"closed","template":"elementor_header_footer","meta":{"_monsterinsights_skip_tracking":false,"_monsterinsights_sitenote_active":false,"_monsterinsights_sitenote_note":"","_monsterinsights_sitenote_category":0,"footnotes":""},"class_list":["post-1157","page","type-page","status-publish","hentry"],"yoast_head":"<!-- This site is optimized with the Yoast SEO plugin v27.3 - https:\/\/yoast.com\/product\/yoast-seo-wordpress\/ -->\n<title>Preguntas Frecuentes - Secretar\u00eda Acad\u00e9mica<\/title>\n<meta name=\"robots\" content=\"noindex, follow, max-snippet:-1, max-image-preview:large, max-video-preview:-1\" \/>\n<meta property=\"og:locale\" content=\"es_ES\" \/>\n<meta property=\"og:type\" content=\"article\" \/>\n<meta property=\"og:title\" content=\"Preguntas Frecuentes - Secretar\u00eda Acad\u00e9mica\" \/>\n<meta property=\"og:description\" content=\"PREGUNTAS FRECUENTES \u00bf &#8230; ? \u00bfC\u00f3mo hago para inscribirme? Ingresar a\u00a0Preinscripci\u00f3n OnLine\u00a0y seleccionar la facultad de tu carrera. Crear un nuevo usuario y contrase\u00f1a para&hellip;\" \/>\n<meta property=\"og:url\" content=\"https:\/\/sac.fica.unsl.edu.ar\/index.php\/preguntas-frecuentes\/\" \/>\n<meta property=\"og:site_name\" content=\"Secretar\u00eda Acad\u00e9mica\" \/>\n<meta property=\"article:modified_time\" content=\"2021-11-08T14:34:00+00:00\" \/>\n<meta name=\"twitter:card\" content=\"summary_large_image\" \/>\n<meta name=\"twitter:label1\" content=\"Tiempo de lectura\" \/>\n\t<meta name=\"twitter:data1\" content=\"2 minutos\" \/>\n<script type=\"application\/ld+json\" class=\"yoast-schema-graph\">{\"@context\":\"https:\\\/\\\/schema.org\",\"@graph\":[{\"@type\":\"WebPage\",\"@id\":\"https:\\\/\\\/sac.fica.unsl.edu.ar\\\/index.php\\\/preguntas-frecuentes\\\/\",\"url\":\"https:\\\/\\\/sac.fica.unsl.edu.ar\\\/index.php\\\/preguntas-frecuentes\\\/\",\"name\":\"Preguntas Frecuentes - Secretar\u00eda Acad\u00e9mica\",\"isPartOf\":{\"@id\":\"https:\\\/\\\/sac.fica.unsl.edu.ar\\\/#website\"},\"datePublished\":\"2021-08-04T14:50:03+00:00\",\"dateModified\":\"2021-11-08T14:34:00+00:00\",\"breadcrumb\":{\"@id\":\"https:\\\/\\\/sac.fica.unsl.edu.ar\\\/index.php\\\/preguntas-frecuentes\\\/#breadcrumb\"},\"inLanguage\":\"es-AR\",\"potentialAction\":[{\"@type\":\"ReadAction\",\"target\":[\"https:\\\/\\\/sac.fica.unsl.edu.ar\\\/index.php\\\/preguntas-frecuentes\\\/\"]}]},{\"@type\":\"BreadcrumbList\",\"@id\":\"https:\\\/\\\/sac.fica.unsl.edu.ar\\\/index.php\\\/preguntas-frecuentes\\\/#breadcrumb\",\"itemListElement\":[{\"@type\":\"ListItem\",\"position\":1,\"name\":\"Inicio\",\"item\":\"https:\\\/\\\/sac.fica.unsl.edu.ar\\\/\"},{\"@type\":\"ListItem\",\"position\":2,\"name\":\"Preguntas Frecuentes\"}]},{\"@type\":\"WebSite\",\"@id\":\"https:\\\/\\\/sac.fica.unsl.edu.ar\\\/#website\",\"url\":\"https:\\\/\\\/sac.fica.unsl.edu.ar\\\/\",\"name\":\"Secretar\u00eda Acad\u00e9mica\",\"description\":\"SAC\",\"publisher\":{\"@id\":\"https:\\\/\\\/sac.fica.unsl.edu.ar\\\/#organization\"},\"potentialAction\":[{\"@type\":\"SearchAction\",\"target\":{\"@type\":\"EntryPoint\",\"urlTemplate\":\"https:\\\/\\\/sac.fica.unsl.edu.ar\\\/?s={search_term_string}\"},\"query-input\":{\"@type\":\"PropertyValueSpecification\",\"valueRequired\":true,\"valueName\":\"search_term_string\"}}],\"inLanguage\":\"es-AR\"},{\"@type\":\"Organization\",\"@id\":\"https:\\\/\\\/sac.fica.unsl.edu.ar\\\/#organization\",\"name\":\"SAC- Secretar\u00eda Acad\u00e9mica FICA\",\"url\":\"https:\\\/\\\/sac.fica.unsl.edu.ar\\\/\",\"logo\":{\"@type\":\"ImageObject\",\"inLanguage\":\"es-AR\",\"@id\":\"https:\\\/\\\/sac.fica.unsl.edu.ar\\\/#\\\/schema\\\/logo\\\/image\\\/\",\"url\":\"https:\\\/\\\/sac.fica.unsl.edu.ar\\\/wp-content\\\/uploads\\\/2020\\\/11\\\/SAC.png\",\"contentUrl\":\"https:\\\/\\\/sac.fica.unsl.edu.ar\\\/wp-content\\\/uploads\\\/2020\\\/11\\\/SAC.png\",\"width\":4484,\"height\":1231,\"caption\":\"SAC- Secretar\u00eda Acad\u00e9mica FICA\"},\"image\":{\"@id\":\"https:\\\/\\\/sac.fica.unsl.edu.ar\\\/#\\\/schema\\\/logo\\\/image\\\/\"}}]}<\/script>\n<!-- \/ Yoast SEO plugin. -->","yoast_head_json":{"title":"Preguntas Frecuentes - Secretar\u00eda Acad\u00e9mica","robots":{"index":"noindex","follow":"follow","max-snippet":"max-snippet:-1","max-image-preview":"max-image-preview:large","max-video-preview":"max-video-preview:-1"},"og_locale":"es_ES","og_type":"article","og_title":"Preguntas Frecuentes - Secretar\u00eda Acad\u00e9mica","og_description":"PREGUNTAS FRECUENTES \u00bf &#8230; ? \u00bfC\u00f3mo hago para inscribirme? Ingresar a\u00a0Preinscripci\u00f3n OnLine\u00a0y seleccionar la facultad de tu carrera. Crear un nuevo usuario y contrase\u00f1a para&hellip;","og_url":"https:\/\/sac.fica.unsl.edu.ar\/index.php\/preguntas-frecuentes\/","og_site_name":"Secretar\u00eda Acad\u00e9mica","article_modified_time":"2021-11-08T14:34:00+00:00","twitter_card":"summary_large_image","twitter_misc":{"Tiempo de lectura":"2 minutos"},"schema":{"@context":"https:\/\/schema.org","@graph":[{"@type":"WebPage","@id":"https:\/\/sac.fica.unsl.edu.ar\/index.php\/preguntas-frecuentes\/","url":"https:\/\/sac.fica.unsl.edu.ar\/index.php\/preguntas-frecuentes\/","name":"Preguntas Frecuentes - Secretar\u00eda Acad\u00e9mica","isPartOf":{"@id":"https:\/\/sac.fica.unsl.edu.ar\/#website"},"datePublished":"2021-08-04T14:50:03+00:00","dateModified":"2021-11-08T14:34:00+00:00","breadcrumb":{"@id":"https:\/\/sac.fica.unsl.edu.ar\/index.php\/preguntas-frecuentes\/#breadcrumb"},"inLanguage":"es-AR","potentialAction":[{"@type":"ReadAction","target":["https:\/\/sac.fica.unsl.edu.ar\/index.php\/preguntas-frecuentes\/"]}]},{"@type":"BreadcrumbList","@id":"https:\/\/sac.fica.unsl.edu.ar\/index.php\/preguntas-frecuentes\/#breadcrumb","itemListElement":[{"@type":"ListItem","position":1,"name":"Inicio","item":"https:\/\/sac.fica.unsl.edu.ar\/"},{"@type":"ListItem","position":2,"name":"Preguntas Frecuentes"}]},{"@type":"WebSite","@id":"https:\/\/sac.fica.unsl.edu.ar\/#website","url":"https:\/\/sac.fica.unsl.edu.ar\/","name":"Secretar\u00eda Acad\u00e9mica","description":"SAC","publisher":{"@id":"https:\/\/sac.fica.unsl.edu.ar\/#organization"},"potentialAction":[{"@type":"SearchAction","target":{"@type":"EntryPoint","urlTemplate":"https:\/\/sac.fica.unsl.edu.ar\/?s={search_term_string}"},"query-input":{"@type":"PropertyValueSpecification","valueRequired":true,"valueName":"search_term_string"}}],"inLanguage":"es-AR"},{"@type":"Organization","@id":"https:\/\/sac.fica.unsl.edu.ar\/#organization","name":"SAC- Secretar\u00eda Acad\u00e9mica FICA","url":"https:\/\/sac.fica.unsl.edu.ar\/","logo":{"@type":"ImageObject","inLanguage":"es-AR","@id":"https:\/\/sac.fica.unsl.edu.ar\/#\/schema\/logo\/image\/","url":"https:\/\/sac.fica.unsl.edu.ar\/wp-content\/uploads\/2020\/11\/SAC.png","contentUrl":"https:\/\/sac.fica.unsl.edu.ar\/wp-content\/uploads\/2020\/11\/SAC.png","width":4484,"height":1231,"caption":"SAC- Secretar\u00eda Acad\u00e9mica FICA"},"image":{"@id":"https:\/\/sac.fica.unsl.edu.ar\/#\/schema\/logo\/image\/"}}]}},"_links":{"self":[{"href":"https:\/\/sac.fica.unsl.edu.ar\/index.php\/wp-json\/wp\/v2\/pages\/1157","targetHints":{"allow":["GET"]}}],"collection":[{"href":"https:\/\/sac.fica.unsl.edu.ar\/index.php\/wp-json\/wp\/v2\/pages"}],"about":[{"href":"https:\/\/sac.fica.unsl.edu.ar\/index.php\/wp-json\/wp\/v2\/types\/page"}],"author":[{"embeddable":true,"href":"https:\/\/sac.fica.unsl.edu.ar\/index.php\/wp-json\/wp\/v2\/users\/4"}],"replies":[{"embeddable":true,"href":"https:\/\/sac.fica.unsl.edu.ar\/index.php\/wp-json\/wp\/v2\/comments?post=1157"}],"version-history":[{"count":61,"href":"https:\/\/sac.fica.unsl.edu.ar\/index.php\/wp-json\/wp\/v2\/pages\/1157\/revisions"}],"predecessor-version":[{"id":1511,"href":"https:\/\/sac.fica.unsl.edu.ar\/index.php\/wp-json\/wp\/v2\/pages\/1157\/revisions\/1511"}],"wp:attachment":[{"href":"https:\/\/sac.fica.unsl.edu.ar\/index.php\/wp-json\/wp\/v2\/media?parent=1157"}],"curies":[{"name":"wp","href":"https:\/\/api.w.org\/{rel}","templated":true}]}}